{"id":29,"date":"2013-04-24T02:34:05","date_gmt":"2013-04-24T00:34:05","guid":{"rendered":"http:\/\/www.skargi.byethost4.com\/blog\/?page_id=29"},"modified":"2014-08-07T00:06:33","modified_gmt":"2014-08-06T22:06:33","slug":"pytania","status":"publish","type":"page","link":"http:\/\/blog.skargi-etpcz.eu\/?page_id=29","title":{"rendered":"Pytania"},"content":{"rendered":"<p><strong>Pod poni\u017cszym adresem przedstawione zosta\u0142y odpowiedzi na najcz\u0119\u015bciej zadawane przez Skar\u017c\u0105cych pytania, dotycz\u0105ce wnoszenia skarg oraz procedury post\u0119powania przed Europejskim Trybuna\u0142em Praw Cz\u0142owieka w Strasburgu:<\/strong><\/p>\n<p><a href=\"http:\/\/skargi-etpcz.eu\/pytania.html\" target=\"_blank\">http:\/\/skargi-etpcz.eu\/pytania.html<\/a><\/p>\n<p><strong>Zapraszamy!<\/strong><\/p>\n","protected":false},"excerpt":{"rendered":"<p>Pod poni\u017cszym adresem przedstawione zosta\u0142y odpowiedzi na najcz\u0119\u015bciej zadawane przez Skar\u017c\u0105cych pytania, dotycz\u0105ce wnoszenia skarg oraz procedury post\u0119powania przed Europejskim Trybuna\u0142em Praw Cz\u0142owieka w Strasburgu: http:\/\/skargi-etpcz.eu\/pytania.html Zapraszamy!<\/p>\n","protected":false},"author":1,"featured_media":0,"parent":0,"menu_order":3,"comment_status":"closed","ping_status":"closed","template":"","meta":{"footnotes":""},"class_list":["post-29","page","type-page","status-publish","hentry"],"_links":{"self":[{"href":"http:\/\/blog.skargi-etpcz.eu\/index.php?rest_route=\/wp\/v2\/pages\/29","targetHints":{"allow":["GET"]}}],"collection":[{"href":"http:\/\/blog.skargi-etpcz.eu\/index.php?rest_route=\/wp\/v2\/pages"}],"about":[{"href":"http:\/\/blog.skargi-etpcz.eu\/index.php?rest_route=\/wp\/v2\/types\/page"}],"author":[{"embeddable":true,"href":"http:\/\/blog.skargi-etpcz.eu\/index.php?rest_route=\/wp\/v2\/users\/1"}],"replies":[{"embeddable":true,"href":"http:\/\/blog.skargi-etpcz.eu\/index.php?rest_route=%2Fwp%2Fv2%2Fcomments&post=29"}],"version-history":[{"count":6,"href":"http:\/\/blog.skargi-etpcz.eu\/index.php?rest_route=\/wp\/v2\/pages\/29\/revisions"}],"predecessor-version":[{"id":177,"href":"http:\/\/blog.skargi-etpcz.eu\/index.php?rest_route=\/wp\/v2\/pages\/29\/revisions\/177"}],"wp:attachment":[{"href":"http:\/\/blog.skargi-etpcz.eu\/index.php?rest_route=%2Fwp%2Fv2%2Fmedia&parent=29"}],"curies":[{"name":"wp","href":"https:\/\/api.w.org\/{rel}","templated":true}]}}